{"id":42,"date":"2018-03-14T06:08:54","date_gmt":"2018-03-14T05:08:54","guid":{"rendered":"http:\/\/www.sntc-btp.com\/sntc\/?page_id=42"},"modified":"2021-05-21T13:54:12","modified_gmt":"2021-05-21T11:54:12","slug":"la-societe","status":"publish","type":"page","link":"https:\/\/www.sntc-btp.com\/sntc\/la-societe\/","title":{"rendered":"Pr\u00e9sentation"},"content":{"rendered":"\t\t<div data-elementor-type=\"wp-page\" data-elementor-id=\"42\" class=\"elementor elementor-42 elementor-bc-flex-widget\" data-elementor-settings=\"[]\">\n\t\t\t\t\t\t\t<div class=\"elementor-section-wrap\">\n\t\t\t\t\t\t\t<section class=\"elementor-section elementor-top-section elementor-element elementor-element-29ef6526 elementor-section-boxed elementor-section-height-default elementor-section-height-default\" data-id=\"29ef6526\" data-element_type=\"section\">\n\t\t\t\t\t\t<div class=\"elementor-container elementor-column-gap-default\">\n\t\t\t\t\t<div class=\"elementor-column elementor-col-100 elementor-top-column elementor-element elementor-element-165fc4d\" data-id=\"165fc4d\" data-element_type=\"column\">\n\t\t\t<div class=\"elementor-widget-wrap elementor-element-populated\">\n\t\t\t\t\t\t\t\t<div class=\"elementor-element elementor-element-7d0e713 elementor-widget elementor-widget-text-editor\" data-id=\"7d0e713\" data-element_type=\"widget\" data-widget_type=\"text-editor.default\">\n\t\t\t\t<div class=\"elementor-widget-container\">\n\t\t\t\t\t\t\t\t<div id=\"pg-0\" class=\"panel-grid\"><div id=\"pgc-0-0\" class=\"panel-grid-cell\"><div id=\"panel-0-0-0\" class=\"panel widget widget_text panel-first-child panel-last-child\"><div class=\"textwidget\"><p>Entreprise cr\u00e9\u00e9e en 1964, \u00e0 la pointe des techniques du b\u00e2timent, des travaux publics, dirig\u00e9e par une \u00e9quipe familiale qui allie exp\u00e9rience, dynamisme et connaissance de la r\u00e9gion.<\/p><p>Depuis plus de 50 ans, la SNTC est pr\u00e9sente parmi les Entreprises Varoises du B\u00e2timent et des Travaux Publics.<\/p><p>Cette long\u00e9vit\u00e9, premier gage de son s\u00e9rieux, lui a permis de se forger une r\u00e9putation enviable dans la r\u00e9gion de SALERNES en Provence.<\/p><p>Les donneurs d&rsquo;ordres, Publics ou Priv\u00e9s, qui ont accord\u00e9 leur confiance \u00e0 la SNTC, ont pu appr\u00e9cier son savoir faire, son exp\u00e9rience et sa capacit\u00e9 \u00e0 ex\u00e9cuter des projets de toute envergure dans les d\u00e9lais impartis et dans le respect des budgets pr\u00e9visionnels.<\/p><blockquote><p>Son fondateur, Michel CASTILLON, explique \u00e0 juste titre :<\/p><p>\u00ab\u00a0Notre r\u00e9putation est notre atout le plus important et notre client\u00e8le notre seul repr\u00e9sentant\u00a0\u00bb.<\/p><\/blockquote><p>Outre les nombreuses r\u00e9alisations dans les domaines du B\u00e2timent, G\u00e9nie Civil, Terrassements g\u00e9n\u00e9raux et R\u00e9seaux Divers, l&rsquo;Entreprise qui d\u00e9tenait d\u00e9j\u00e0 depuis 1995 la qualification 2181 vient compl\u00e9ter sa classification par l\u2019obtention de la qualification 2183 : \u00ab Restauration taille de pierre et ma\u00e7onnerie du patrimoine \u00bb. Cette reconnaissance lui permet d\u2019intervenir sur des sites sensibles n\u00e9cessitant une excellente connaissance des techniques anciennes, de la taille et pose de pierre, des techniques de la ma\u00e7onnerie, du choix et de la mise en \u0153uvre des mat\u00e9riaux traditionnels et r\u00e9gionaux.<\/p><p>Nos Clients peuvent \u00e9galement b\u00e9n\u00e9ficier des relations que nous entretenons avec de nombreux Architectes et Ma\u00eetres d&rsquo;oeuvres r\u00e9gionaux afin de les aider dans leurs d\u00e9marches administratives d&rsquo;obtention d&rsquo;autorisations diverses et permis de construire.<\/p><\/div><\/div><\/div><\/div>\t\t\t\t\t\t<\/div>\n\t\t\t\t<\/div>\n\t\t\t\t\t<\/div>\n\t\t<\/div>\n\t\t\t\t\t\t\t<\/div>\n\t\t<\/section>\n\t\t\t\t<section class=\"elementor-section elementor-top-section elementor-element elementor-element-c17342e elementor-section-boxed elementor-section-height-default elementor-section-height-default\" data-id=\"c17342e\" data-element_type=\"section\">\n\t\t\t\t\t\t<div class=\"elementor-container elementor-column-gap-default\">\n\t\t\t\t\t<div class=\"elementor-column elementor-col-33 elementor-top-column elementor-element elementor-element-4def9f1\" data-id=\"4def9f1\" data-element_type=\"column\">\n\t\t\t<div class=\"elementor-widget-wrap elementor-element-populated\">\n\t\t\t\t\t\t\t\t<div class=\"elementor-element elementor-element-808eae2 elementor-widget elementor-widget-text-editor\" data-id=\"808eae2\" data-element_type=\"widget\" data-widget_type=\"text-editor.default\">\n\t\t\t\t<div class=\"elementor-widget-container\">\n\t\t\t\t\t\t\t\t<div id=\"pg-1\" class=\"panel-grid\"><div id=\"pgc-1-0\" class=\"panel-grid-cell\"><div id=\"panel-1-0-0\" class=\"panel widget widget_text panel-first-child panel-last-child\"><h3 class=\"widget-title\">Ma\u00e7onnerie et r\u00e9novation:<\/h3><div class=\"textwidget\">La ma\u00e7onnerie est l&rsquo;art de b\u00e2tir une construction par l&rsquo;assemblage de mat\u00e9riaux \u00e9l\u00e9mentaires, li\u00e9s par un mortier. C&rsquo;est l&rsquo;art du ma\u00e7on par d\u00e9finition. La ma\u00e7onnerie traditionnelle est appel\u00e9 limousinerie. Par extension, on associe aussi sous le terme \u00ab\u00a0ma\u00e7onnerie\u00a0\u00bb les travaux d&rsquo;habillage des ensembles: pose d&rsquo;enduits, de carrelages, etc&#8230;, qui, e plus de leur but esth\u00e9tique, participent \u00e0 la tenue de l&rsquo;ensemble face aux agressions externes (humidit\u00e9, gel, etc&#8230;). Un produit qui refl\u00e8te de plus en plus cette association est le stuc d&rsquo;acrylique qui remplace le stuc traditionnel fait \u00e0 partir de chaux. La r\u00e9novation d\u00e9signe les op\u00e9rations par lesquelles un b\u00e2timent ou l&rsquo;un de ses \u00e9l\u00e9ments voit sa condition am\u00e9lior\u00e9e, par l&rsquo;utilisation de mat\u00e9riaux neufs, modernes en remplacement des parties endommag\u00e9es.<\/div><\/div><\/div><div id=\"pgc-1-1\" class=\"panel-grid-cell\"><div id=\"panel-1-1-0\" class=\"panel widget widget_text panel-first-child panel-last-child\">\u00a0<\/div><\/div><div id=\"pgc-1-2\" class=\"panel-grid-cell\"><div id=\"panel-1-2-0\" class=\"panel widget widget_text panel-first-child panel-last-child\"><div class=\"widget-title\">\u00a0<\/div><\/div><\/div><\/div>\t\t\t\t\t\t<\/div>\n\t\t\t\t<\/div>\n\t\t\t\t\t<\/div>\n\t\t<\/div>\n\t\t\t\t<div class=\"elementor-column elementor-col-33 elementor-top-column elementor-element elementor-element-e16b5e3\" data-id=\"e16b5e3\" data-element_type=\"column\">\n\t\t\t<div class=\"elementor-widget-wrap elementor-element-populated\">\n\t\t\t\t\t\t\t\t<div class=\"elementor-element elementor-element-6c27282 elementor-widget elementor-widget-text-editor\" data-id=\"6c27282\" data-element_type=\"widget\" data-widget_type=\"text-editor.default\">\n\t\t\t\t<div class=\"elementor-widget-container\">\n\t\t\t\t\t\t\t\t<div id=\"pgc-1-1\" class=\"panel-grid-cell\"><div id=\"panel-1-1-0\" class=\"panel widget widget_text panel-first-child panel-last-child\"><h3 class=\"widget-title\">G\u00e9nie civil:<\/h3><div class=\"textwidget\">Le g\u00e9nie civil repr\u00e9sente l&rsquo;ensemble des techniques concernant les constructions civiles. Les ing\u00e9nieurs civils ou ing\u00e9nieurs en g\u00e9nie civil s&rsquo;occupent de la conception, de la r\u00e9alisation, de l&rsquo;exploitation et de la r\u00e9habilitation d&rsquo;ouvrages de construction et d&rsquo;infrastructures dont ils assurent la gestion afin de r\u00e9pondre aux besoins de la soci\u00e9t\u00e9, tout en assurant la s\u00e9curit\u00e9 du public et la protection de l&rsquo;environnement. Tr\u00e8s vari\u00e9es, leurs r\u00e9alisations se r\u00e9partissent principalement dans cinq grands domaines d&rsquo;intervention: structures, g\u00e9otechnique, hydraulique, transport et environnement. En France, g\u00e9nie civil est une expression d\u00e9signant la construction en g\u00e9n\u00e9ral.<\/div><\/div><\/div><div id=\"pgc-1-2\" class=\"panel-grid-cell\"><div id=\"panel-1-2-0\" class=\"panel widget widget_text panel-first-child panel-last-child\"><div class=\"widget-title\">\u00a0<\/div><\/div><\/div>\t\t\t\t\t\t<\/div>\n\t\t\t\t<\/div>\n\t\t\t\t\t<\/div>\n\t\t<\/div>\n\t\t\t\t<div class=\"elementor-column elementor-col-33 elementor-top-column elementor-element elementor-element-42969c0\" data-id=\"42969c0\" data-element_type=\"column\">\n\t\t\t<div class=\"elementor-widget-wrap elementor-element-populated\">\n\t\t\t\t\t\t\t\t<div class=\"elementor-element elementor-element-081c93e elementor-widget elementor-widget-text-editor\" data-id=\"081c93e\" data-element_type=\"widget\" data-widget_type=\"text-editor.default\">\n\t\t\t\t<div class=\"elementor-widget-container\">\n\t\t\t\t\t\t\t\t<h3 class=\"widget-title\">Restauration du patrimoine ancien:<\/h3><div class=\"textwidget\">La restauration du patrimoine ancien se d\u00e9finie comme tout b\u00e2timent non prot\u00e9g\u00e9 au titre des monuments historiques, mais situ\u00e9 aux abords de monuments class\u00e9s, en secteurs sauvegard\u00e9s, dans les sites prot\u00e9g\u00e9s de milieu urbain ou rural, lorsque les travaux doivent \u00eatre execut\u00e9e sous le contr\u00f4le des services charg\u00e9s de la protection du patrimoine historique et esth\u00e9tique.<\/div>\t\t\t\t\t\t<\/div>\n\t\t\t\t<\/div>\n\t\t\t\t\t<\/div>\n\t\t<\/div>\n\t\t\t\t\t\t\t<\/div>\n\t\t<\/section>\n\t\t\t\t\t\t<\/div>\n\t\t\t\t\t<\/div>\n\t\t","protected":false},"excerpt":{"rendered":"","protected":false},"author":1,"featured_media":0,"parent":0,"menu_order":0,"comment_status":"closed","ping_status":"closed","template":"100-width.php","meta":[],"yoast_head":"<!-- This site is optimized with the Yoast SEO plugin v16.4 - https:\/\/yoast.com\/wordpress\/plugins\/seo\/ -->\n<title>Pr\u00e9sentation - SNTC<\/title>\n<meta name=\"robots\" content=\"index, follow, max-snippet:-1, max-image-preview:large, max-video-preview:-1\" \/>\n<link rel=\"canonical\" href=\"http:\/\/www.sntc-btp.com\/sntc\/la-societe\/\" \/>\n<meta property=\"og:locale\" content=\"fr_FR\" \/>\n<meta property=\"og:type\" content=\"article\" \/>\n<meta property=\"og:title\" content=\"Pr\u00e9sentation - SNTC\" \/>\n<meta property=\"og:url\" content=\"http:\/\/www.sntc-btp.com\/sntc\/la-societe\/\" \/>\n<meta property=\"og:site_name\" content=\"SNTC\" \/>\n<meta property=\"article:modified_time\" content=\"2021-05-21T11:54:12+00:00\" \/>\n<meta property=\"og:image\" content=\"http:\/\/www.sntc-btp.com\/sntc\/wp-content\/uploads\/2018\/03\/Bebop_2_2018-02-11T105400-0100_F25701-Copie-1600x907-300x170.jpg\" \/>\n<meta name=\"twitter:card\" content=\"summary_large_image\" \/>\n<meta name=\"twitter:label1\" content=\"Dur\u00e9e de lecture est.\" \/>\n\t<meta name=\"twitter:data1\" content=\"6 minutes\" \/>\n<script type=\"application\/ld+json\" class=\"yoast-schema-graph\">{\"@context\":\"https:\/\/schema.org\",\"@graph\":[{\"@type\":\"Organization\",\"@id\":\"http:\/\/www.sntc-btp.com\/sntc\/#organization\",\"name\":\"SNTC\",\"url\":\"http:\/\/www.sntc-btp.com\/sntc\/\",\"sameAs\":[],\"logo\":{\"@type\":\"ImageObject\",\"@id\":\"http:\/\/www.sntc-btp.com\/sntc\/#logo\",\"inLanguage\":\"fr-FR\",\"url\":\"http:\/\/www.sntc-btp.com\/sntc\/wp-content\/uploads\/2018\/03\/sntc-2013-2501-1.jpg\",\"contentUrl\":\"http:\/\/www.sntc-btp.com\/sntc\/wp-content\/uploads\/2018\/03\/sntc-2013-2501-1.jpg\",\"width\":122,\"height\":170,\"caption\":\"SNTC\"},\"image\":{\"@id\":\"http:\/\/www.sntc-btp.com\/sntc\/#logo\"}},{\"@type\":\"WebSite\",\"@id\":\"http:\/\/www.sntc-btp.com\/sntc\/#website\",\"url\":\"http:\/\/www.sntc-btp.com\/sntc\/\",\"name\":\"SNTC\",\"description\":\"Depuis plus de 50 ans.\",\"publisher\":{\"@id\":\"http:\/\/www.sntc-btp.com\/sntc\/#organization\"},\"potentialAction\":[{\"@type\":\"SearchAction\",\"target\":\"http:\/\/www.sntc-btp.com\/sntc\/?s={search_term_string}\",\"query-input\":\"required name=search_term_string\"}],\"inLanguage\":\"fr-FR\"},{\"@type\":\"ImageObject\",\"@id\":\"http:\/\/www.sntc-btp.com\/sntc\/la-societe\/#primaryimage\",\"inLanguage\":\"fr-FR\",\"url\":\"http:\/\/www.sntc-btp.com\/sntc\/wp-content\/uploads\/2018\/03\/Bebop_2_2018-02-11T105400-0100_F25701-Copie-1600x907-300x170.jpg\",\"contentUrl\":\"http:\/\/www.sntc-btp.com\/sntc\/wp-content\/uploads\/2018\/03\/Bebop_2_2018-02-11T105400-0100_F25701-Copie-1600x907-300x170.jpg\"},{\"@type\":\"WebPage\",\"@id\":\"http:\/\/www.sntc-btp.com\/sntc\/la-societe\/#webpage\",\"url\":\"http:\/\/www.sntc-btp.com\/sntc\/la-societe\/\",\"name\":\"Pr\\u00e9sentation - SNTC\",\"isPartOf\":{\"@id\":\"http:\/\/www.sntc-btp.com\/sntc\/#website\"},\"primaryImageOfPage\":{\"@id\":\"http:\/\/www.sntc-btp.com\/sntc\/la-societe\/#primaryimage\"},\"datePublished\":\"2018-03-14T05:08:54+00:00\",\"dateModified\":\"2021-05-21T11:54:12+00:00\",\"breadcrumb\":{\"@id\":\"http:\/\/www.sntc-btp.com\/sntc\/la-societe\/#breadcrumb\"},\"inLanguage\":\"fr-FR\",\"potentialAction\":[{\"@type\":\"ReadAction\",\"target\":[\"http:\/\/www.sntc-btp.com\/sntc\/la-societe\/\"]}]},{\"@type\":\"BreadcrumbList\",\"@id\":\"http:\/\/www.sntc-btp.com\/sntc\/la-societe\/#breadcrumb\",\"itemListElement\":[{\"@type\":\"ListItem\",\"position\":1,\"item\":{\"@type\":\"WebPage\",\"@id\":\"http:\/\/www.sntc-btp.com\/sntc\/\",\"url\":\"http:\/\/www.sntc-btp.com\/sntc\/\",\"name\":\"Accueil\"}},{\"@type\":\"ListItem\",\"position\":2,\"item\":{\"@id\":\"http:\/\/www.sntc-btp.com\/sntc\/la-societe\/#webpage\"}}]}]}<\/script>\n<!-- \/ Yoast SEO plugin. -->","_links":{"self":[{"href":"https:\/\/www.sntc-btp.com\/sntc\/wp-json\/wp\/v2\/pages\/42"}],"collection":[{"href":"https:\/\/www.sntc-btp.com\/sntc\/wp-json\/wp\/v2\/pages"}],"about":[{"href":"https:\/\/www.sntc-btp.com\/sntc\/wp-json\/wp\/v2\/types\/page"}],"author":[{"embeddable":true,"href":"https:\/\/www.sntc-btp.com\/sntc\/wp-json\/wp\/v2\/users\/1"}],"replies":[{"embeddable":true,"href":"https:\/\/www.sntc-btp.com\/sntc\/wp-json\/wp\/v2\/comments?post=42"}],"version-history":[{"count":22,"href":"https:\/\/www.sntc-btp.com\/sntc\/wp-json\/wp\/v2\/pages\/42\/revisions"}],"predecessor-version":[{"id":868,"href":"https:\/\/www.sntc-btp.com\/sntc\/wp-json\/wp\/v2\/pages\/42\/revisions\/868"}],"wp:attachment":[{"href":"https:\/\/www.sntc-btp.com\/sntc\/wp-json\/wp\/v2\/media?parent=42"}],"curies":[{"name":"wp","href":"https:\/\/api.w.org\/{rel}","templated":true}]}}